{"id":2,"date":"2016-07-14T11:40:45","date_gmt":"2016-07-14T09:40:45","guid":{"rendered":"http:\/\/agrocergowa.com\/?page_id=2"},"modified":"2023-07-14T22:08:38","modified_gmt":"2023-07-14T20:08:38","slug":"poznaj-nas","status":"publish","type":"page","link":"https:\/\/agrocergowa.com\/index.php\/poznaj-nas\/","title":{"rendered":"Poznaj nas"},"content":{"rendered":"<div id=\"WRchTxt1c\" class=\"s3\" data-reactid=\".0.$SITE_ROOT.$desktop_siteRoot.$PAGES_CONTAINER.1.1.$SITE_PAGES.$c1ztv.1.$WRchTxt1c\">\n<h1 class=\"font_7\" style=\"padding-left: 30px; text-align: center;\"><\/h1>\n<p class=\"font_7\" style=\"padding-left: 30px; text-align: center;\"><span class=\"color_1\"><img decoding=\"async\" loading=\"lazy\" class=\"alignright wp-image-15\" src=\"https:\/\/agrocergowa.com\/wp-content\/uploads\/2016\/07\/55cc4c_ff8b345b9106481291f76229177279ab-217x300.jpg\" alt=\"55cc4c_ff8b345b9106481291f76229177279ab\" width=\"229\" height=\"316\" srcset=\"https:\/\/agrocergowa.com\/wp-content\/uploads\/2016\/07\/55cc4c_ff8b345b9106481291f76229177279ab-217x300.jpg 217w, https:\/\/agrocergowa.com\/wp-content\/uploads\/2016\/07\/55cc4c_ff8b345b9106481291f76229177279ab.jpg 288w\" sizes=\"(max-width: 229px) 100vw, 229px\" \/>Agroturystyka u podn\u00f3\u017ca G\u00f3ry Cergowej znajduje si\u0119 w niewielkiej, ale za to malowniczej&nbsp;&nbsp;miejscowo\u015bci. &nbsp;Znajdziesz tutaj&nbsp;cisze, spok\u00f3j, wytchnienie, a rano obudzi Ci\u0119&nbsp;\u015bpiew ptak\u00f3w. Okolica charakteryzuje si\u0119&nbsp;pi\u0119knymi&nbsp;widokami, kt\u00f3re mo\u017cna podziwia\u0107 w\u0119druj\u0105c szlakami turystycznymi.<\/span><\/p>\n<\/div>\n<p class=\"font_7\" style=\"text-align: center;\"><span class=\"color_1\">Agroturystyka u podn\u00f3\u017ca G\u00f3ry Cergowej to nowa inwestycja otwarta w 2016 r. Miejsca noclegowe znajduj\u0105 si\u0119 w oddzielnym pomieszczeniu w domu rodzinnym. Wychodz\u0105c na przeciw oczekiwaniom go\u015bci, kt\u00f3rzy ceni\u0105 sobie&nbsp;prywatno\u015b\u0107, posiadamy osobne wej\u015bcia do poszczeg\u00f3lnych pokoi agroturystycznych.&nbsp;Warto zwr\u00f3ci\u0107 uwag\u0119 na&nbsp;\u015bwie\u017co\u015b\u0107 oraz komfort ka\u017cdego z pomieszcze\u0144. Pokoje, kuchnia oraz \u0142azienka s\u0105 u\u0142o\u017cone&nbsp;tak, aby zapewni\u0107 naszym go\u015bciom pobyt o wysokim standardzie po\u0142\u0105czonym z funkcjonalno\u015bci\u0105. Do dyspozycji go\u015bci jest ogr\u00f3d oraz zadaszone miejsce parkingowe.<\/span><\/p>\n","protected":false},"excerpt":{"rendered":"<p>Agroturystyka u podn\u00f3\u017ca G\u00f3ry Cergowej znajduje si\u0119 w niewielkiej, ale za to malowniczej&nbsp;&nbsp;miejscowo\u015bci. &nbsp;Znajdziesz tutaj&nbsp;cisze, spok\u00f3j, wytchnienie, a rano obudzi Ci\u0119&nbsp;\u015bpiew ptak\u00f3w. Okolica charakteryzuje si\u0119&nbsp;pi\u0119knymi&nbsp;widokami, kt\u00f3re mo\u017cna podziwia\u0107 w\u0119druj\u0105c szlakami turystycznymi. Agroturystyka u podn\u00f3\u017ca G\u00f3ry Cergowej to nowa inwestycja otwarta w 2016 r. Miejsca noclegowe znajduj\u0105 si\u0119 w oddzielnym pomieszczeniu w domu rodzinnym. Wychodz\u0105c na&#8230; <\/p>\n<div class=\"link-more\"><a href=\"https:\/\/agrocergowa.com\/index.php\/poznaj-nas\/\">Read More<\/a><\/div>\n","protected":false},"author":1,"featured_media":956,"parent":0,"menu_order":1,"comment_status":"closed","ping_status":"closed","template":"","meta":[],"_links":{"self":[{"href":"https:\/\/agrocergowa.com\/index.php\/wp-json\/wp\/v2\/pages\/2"}],"collection":[{"href":"https:\/\/agrocergowa.com\/index.php\/wp-json\/wp\/v2\/pages"}],"about":[{"href":"https:\/\/agrocergowa.com\/index.php\/wp-json\/wp\/v2\/types\/page"}],"author":[{"embeddable":true,"href":"https:\/\/agrocergowa.com\/index.php\/wp-json\/wp\/v2\/users\/1"}],"replies":[{"embeddable":true,"href":"https:\/\/agrocergowa.com\/index.php\/wp-json\/wp\/v2\/comments?post=2"}],"version-history":[{"count":28,"href":"https:\/\/agrocergowa.com\/index.php\/wp-json\/wp\/v2\/pages\/2\/revisions"}],"predecessor-version":[{"id":957,"href":"https:\/\/agrocergowa.com\/index.php\/wp-json\/wp\/v2\/pages\/2\/revisions\/957"}],"wp:featuredmedia":[{"embeddable":true,"href":"https:\/\/agrocergowa.com\/index.php\/wp-json\/wp\/v2\/media\/956"}],"wp:attachment":[{"href":"https:\/\/agrocergowa.com\/index.php\/wp-json\/wp\/v2\/media?parent=2"}],"curies":[{"name":"wp","href":"https:\/\/api.w.org\/{rel}","templated":true}]}}