{"id":375,"date":"2017-07-05T19:33:17","date_gmt":"2017-07-05T17:33:17","guid":{"rendered":"http:\/\/agrocergowa.com\/?page_id=375"},"modified":"2018-01-24T18:49:45","modified_gmt":"2018-01-24T17:49:45","slug":"odwiedzili-nas","status":"publish","type":"page","link":"https:\/\/agrocergowa.com\/index.php\/odwiedzili-nas\/","title":{"rendered":"Odwiedzili nas"},"content":{"rendered":"<h2 style=\"text-align: center;\"><strong>Kabaret Ko\u0144 Polski<\/strong><\/h2>\n<hr \/>\n<p style=\"text-align: center;\">W niedziel\u0119 (2.07.17) nasz\u0105 agroturystyk\u0119 opu\u015bcili wyj\u0105tkowi go\u015bcie, Hela i Marian z kabaretu Ko\u0144 Polski. Ziemia dukielska uwiod\u0142a ich swoim urokiem, a\u017c \u017cal by\u0142o wyje\u017cd\u017ca\u0107. Dzi\u0119kujemy za rekomendacj\u0119 i zapraszamy ponownie.<\/p>\n<p style=\"text-align: center;\">A ty, je\u015bli wci\u0105\u017c nie wiesz gdzie sp\u0119dzi\u0107 urlop, zarezerwuj pok\u00f3j w naszym obiekcie. Ciesz si\u0119 cisz\u0105 i spokojem wypoczywaj\u0105c u nas.<\/p>\n<p style=\"text-align: center;\"><strong>Czekamy na wiadomo\u015b\u0107 od Ciebie!<\/strong><\/p>\n<p><img decoding=\"async\" loading=\"lazy\" class=\"alignright size-full wp-image-378\" src=\"https:\/\/agrocergowa.com\/wp-content\/uploads\/2017\/07\/rekomendacja-zdj.jpg\" alt=\"rekomendacja zdj\" width=\"1286\" height=\"910\" srcset=\"https:\/\/agrocergowa.com\/wp-content\/uploads\/2017\/07\/rekomendacja-zdj.jpg 1286w, https:\/\/agrocergowa.com\/wp-content\/uploads\/2017\/07\/rekomendacja-zdj-300x212.jpg 300w, https:\/\/agrocergowa.com\/wp-content\/uploads\/2017\/07\/rekomendacja-zdj-768x543.jpg 768w, https:\/\/agrocergowa.com\/wp-content\/uploads\/2017\/07\/rekomendacja-zdj-1024x725.jpg 1024w, https:\/\/agrocergowa.com\/wp-content\/uploads\/2017\/07\/rekomendacja-zdj-424x300.jpg 424w\" sizes=\"(max-width: 1286px) 100vw, 1286px\" \/><\/p>\n","protected":false},"excerpt":{"rendered":"<p>Kabaret Ko\u0144 Polski W niedziel\u0119 (2.07.17) nasz\u0105 agroturystyk\u0119 opu\u015bcili wyj\u0105tkowi go\u015bcie, Hela i Marian z kabaretu Ko\u0144 Polski. Ziemia dukielska uwiod\u0142a ich swoim urokiem, a\u017c \u017cal by\u0142o wyje\u017cd\u017ca\u0107. Dzi\u0119kujemy za rekomendacj\u0119 i zapraszamy ponownie. A ty, je\u015bli wci\u0105\u017c nie wiesz gdzie sp\u0119dzi\u0107 urlop, zarezerwuj pok\u00f3j w naszym obiekcie. Ciesz si\u0119 cisz\u0105 i spokojem wypoczywaj\u0105c u&#8230; <\/p>\n<div class=\"link-more\"><a href=\"https:\/\/agrocergowa.com\/index.php\/odwiedzili-nas\/\">Read More<\/a><\/div>\n","protected":false},"author":1,"featured_media":376,"parent":0,"menu_order":0,"comment_status":"closed","ping_status":"closed","template":"","meta":[],"_links":{"self":[{"href":"https:\/\/agrocergowa.com\/index.php\/wp-json\/wp\/v2\/pages\/375"}],"collection":[{"href":"https:\/\/agrocergowa.com\/index.php\/wp-json\/wp\/v2\/pages"}],"about":[{"href":"https:\/\/agrocergowa.com\/index.php\/wp-json\/wp\/v2\/types\/page"}],"author":[{"embeddable":true,"href":"https:\/\/agrocergowa.com\/index.php\/wp-json\/wp\/v2\/users\/1"}],"replies":[{"embeddable":true,"href":"https:\/\/agrocergowa.com\/index.php\/wp-json\/wp\/v2\/comments?post=375"}],"version-history":[{"count":8,"href":"https:\/\/agrocergowa.com\/index.php\/wp-json\/wp\/v2\/pages\/375\/revisions"}],"predecessor-version":[{"id":550,"href":"https:\/\/agrocergowa.com\/index.php\/wp-json\/wp\/v2\/pages\/375\/revisions\/550"}],"wp:featuredmedia":[{"embeddable":true,"href":"https:\/\/agrocergowa.com\/index.php\/wp-json\/wp\/v2\/media\/376"}],"wp:attachment":[{"href":"https:\/\/agrocergowa.com\/index.php\/wp-json\/wp\/v2\/media?parent=375"}],"curies":[{"name":"wp","href":"https:\/\/api.w.org\/{rel}","templated":true}]}}