{"id":40,"date":"2016-07-15T14:56:56","date_gmt":"2016-07-15T12:56:56","guid":{"rendered":"http:\/\/agrocergowa.com\/?page_id=40"},"modified":"2023-07-14T21:58:52","modified_gmt":"2023-07-14T19:58:52","slug":"kontakt","status":"publish","type":"page","link":"https:\/\/agrocergowa.com\/index.php\/kontakt\/","title":{"rendered":"Kontakt"},"content":{"rendered":"<p style=\"text-align: center;\">W celu rezerwacji noclegu kontaktuj si\u0119 z nami telefonicznie lub mailowo, b\u0105d\u017a skorzystaj z zak\u0142adki &#8222;Rezerwuj&#8221;.<\/p>\n<hr>\n<p>El\u017cbieta i Jerzy Wr\u00f3bel<\/p>\n<p>Jasionka 61<\/p>\n<p>38-450 Dukla<\/p>\n<p>e-mail: agrocergowa@onet.pl<\/p>\n<p>tel: 609 619 710&nbsp; &nbsp; &nbsp; &nbsp;&nbsp;<\/p>\n<hr>\n<p style=\"text-align: center;\">nr konta bankowego: 11 8591 0007 0400 0899 6994 0001<\/p>\n<div id=\"comp-iktsnzbk\" class=\"s3\" style=\"text-align: center;\" data-reactid=\".0.$SITE_ROOT.$desktop_siteRoot.$PAGES_CONTAINER.1.1.$SITE_PAGES.$c3kh.1.$comp-iktsnzbk\">&nbsp;<\/div>\n<style id=\"bwg-style-0\">    #bwg_container1_0 #bwg_container2_0 .bwg-container-0.bwg-standard-thumbnails {      width: 904px;              justify-content: center;        margin:0 auto !important;              background-color: rgba(255, 255, 255, 0.00);            padding-left: 4px;      padding-top: 4px;      max-width: 100%;            }        #bwg_container1_0 #bwg_container2_0 .bwg-container-0.bwg-standard-thumbnails .bwg-item {      justify-content: flex-start;      max-width: 180px;            width: 180px !important;          }    #bwg_container1_0 #bwg_container2_0 .bwg-container-0.bwg-standard-thumbnails .bwg-item > a {       margin-right: 4px;       margin-bottom: 4px;    }    #bwg_container1_0 #bwg_container2_0 .bwg-container-0.bwg-standard-thumbnails .bwg-item0 {      padding: 0px;            background-color:rgba(255,255,255, 0.30);      border: 0px none #CCCCCC;      opacity: 1.00;      border-radius: 0;      box-shadow: 0px 0px 0px #888888;    }    #bwg_container1_0 #bwg_container2_0 .bwg-container-0.bwg-standard-thumbnails .bwg-item1 img {      max-height: none;      max-width: none;      padding: 0 !important;    }        @media only screen and (min-width: 480px) {      #bwg_container1_0 #bwg_container2_0 .bwg-container-0.bwg-standard-thumbnails .bwg-item0 {        transition: all 0.3s ease 0s;-webkit-transition: all 0.3s ease 0s;      }      #bwg_container1_0 #bwg_container2_0 .bwg-container-0.bwg-standard-thumbnails .bwg-item0:hover {        -ms-transform: scale(1.1);        -webkit-transform: scale(1.1);        transform: scale(1.1);      }    }          #bwg_container1_0 #bwg_container2_0 .bwg-container-0.bwg-standard-thumbnails .bwg-item1 {      padding-top: 50%;    }        #bwg_container1_0 #bwg_container2_0 .bwg-container-0.bwg-standard-thumbnails .bwg-title2,    #bwg_container1_0 #bwg_container2_0 .bwg-container-0.bwg-standard-thumbnails .bwg-ecommerce2 {      color: #CCCCCC;      font-family: segoe ui;      font-size: 16px;      font-weight: bold;      padding: 2px;      text-shadow: 0px 0px 0px #888888;      max-height: 100%;    }    #bwg_container1_0 #bwg_container2_0 .bwg-container-0.bwg-standard-thumbnails .bwg-thumb-description span {    color: #323A45;    font-family: Ubuntu;    font-size: 12px;    max-height: 100%;    word-wrap: break-word;    }    #bwg_container1_0 #bwg_container2_0 .bwg-container-0.bwg-standard-thumbnails .bwg-play-icon2 {      font-size: 32px;    }    #bwg_container1_0 #bwg_container2_0 .bwg-container-0.bwg-standard-thumbnails .bwg-ecommerce2 {      font-size: 19.2px;      color: #CCCCCC;    }    <\/style>    <div id=\"bwg_container1_0\"         class=\"bwg_container bwg_thumbnail bwg_thumbnails\"         data-right-click-protection=\"0\"         data-bwg=\"0\"         data-current-url=\"https:\/\/agrocergowa.com\/index.php\/wp-json\/wp\/v2\/pages\/40\"         data-lightbox-url=\"https:\/\/agrocergowa.com\/wp-admin\/admin-ajax.php?action=GalleryBox&current_view=0&gallery_id=8&tag=0&theme_id=1&shortcode_id=27&sort_by=order&order_by=asc&current_url=https%3A%2F%2Fagrocergowa.com%2Findex.php%2Fwp-json%2Fwp%2Fv2%2Fpages%2F40\"         data-gallery-id=\"8\"         data-popup-width=\"800\"         data-popup-height=\"500\"         data-buttons-position=\"bottom\">      <div id=\"bwg_container2_0\">             <div id=\"ajax_loading_0\" class=\"bwg_loading_div_1\">      <div class=\"bwg_loading_div_2\">        <div class=\"bwg_loading_div_3\">          <div id=\"loading_div_0\" class=\"bwg_spider_ajax_loading\">          <\/div>        <\/div>      <\/div>    <\/div>            <form id=\"gal_front_form_0\"              class=\"bwg-hidden\"              method=\"post\"              action=\"#\"              data-current=\"0\"              data-shortcode-id=\"27\"              data-gallery-type=\"thumbnails\"              data-gallery-id=\"8\"              data-tag=\"0\"              data-album-id=\"0\"              data-theme-id=\"1\"              data-ajax-url=\"https:\/\/agrocergowa.com\/wp-admin\/admin-ajax.php?action=bwg_frontend_data\">          <div id=\"bwg_container3_0\" class=\"bwg-background bwg-background-0\">                <div data-max-count=\"5\"         data-thumbnail-width=\"180\"         data-bwg=\"0\"         data-gallery-id=\"8\"         data-lightbox-url=\"https:\/\/agrocergowa.com\/wp-admin\/admin-ajax.php?action=GalleryBox&current_view=0&gallery_id=8&tag=0&theme_id=1&shortcode_id=27&sort_by=order&order_by=asc&current_url=https%3A%2F%2Fagrocergowa.com%2Findex.php%2Fwp-json%2Fwp%2Fv2%2Fpages%2F40\"         id=\"bwg_thumbnails_0\"         class=\"bwg-container-0 bwg-thumbnails bwg-standard-thumbnails bwg-container bwg-border-box\">            <div class=\"bwg-item\">        <a class=\"bwg-a bwg_lightbox\"  data-image-id=\"127\" href=\"https:\/\/agrocergowa.com\/wp-content\/uploads\/photo-gallery\/DJI_0010.JPG\">                <div class=\"bwg-item0 \">          <div class=\"bwg-item1 \">            <div class=\"bwg-item2\">              <img class=\"skip-lazy bwg_standart_thumb_img_0 \"                   data-id=\"127\"                   data-width=\"\"                   data-height=\"\"                   data-original=\"https:\/\/agrocergowa.com\/wp-content\/uploads\/photo-gallery\/thumb\/DJI_0010.JPG\"                   src=\"https:\/\/agrocergowa.com\/wp-content\/uploads\/photo-gallery\/thumb\/DJI_0010.JPG\"                   alt=\"DJI 0010\" \/>            <\/div>            <div class=\"\">                                                      <\/div>          <\/div>        <\/div>                                <\/a>      <\/div>            <div class=\"bwg-item\">        <a class=\"bwg-a bwg_lightbox\"  data-image-id=\"126\" href=\"https:\/\/agrocergowa.com\/wp-content\/uploads\/photo-gallery\/DJI_0009.JPG\">                <div class=\"bwg-item0 \">          <div class=\"bwg-item1 \">            <div class=\"bwg-item2\">              <img class=\"skip-lazy bwg_standart_thumb_img_0 \"                   data-id=\"126\"                   data-width=\"\"                   data-height=\"\"                   data-original=\"https:\/\/agrocergowa.com\/wp-content\/uploads\/photo-gallery\/thumb\/DJI_0009.JPG\"                   src=\"https:\/\/agrocergowa.com\/wp-content\/uploads\/photo-gallery\/thumb\/DJI_0009.JPG\"                   alt=\"DJI 0009\" \/>            <\/div>            <div class=\"\">                                                      <\/div>          <\/div>        <\/div>                                <\/a>      <\/div>            <div class=\"bwg-item\">        <a class=\"bwg-a bwg_lightbox\"  data-image-id=\"105\" href=\"https:\/\/agrocergowa.com\/wp-content\/uploads\/photo-gallery\/55cc4c_c6ec6ac92ada42bcb606b69774bae161-mv2_d_3456_2304_s_2.jpg\">                <div class=\"bwg-item0 \">          <div class=\"bwg-item1 \">            <div class=\"bwg-item2\">              <img class=\"skip-lazy bwg_standart_thumb_img_0 \"                   data-id=\"105\"                   data-width=\"\"                   data-height=\"\"                   data-original=\"https:\/\/agrocergowa.com\/wp-content\/uploads\/photo-gallery\/thumb\/55cc4c_c6ec6ac92ada42bcb606b69774bae161-mv2_d_3456_2304_s_2.jpg\"                   src=\"https:\/\/agrocergowa.com\/wp-content\/uploads\/photo-gallery\/thumb\/55cc4c_c6ec6ac92ada42bcb606b69774bae161-mv2_d_3456_2304_s_2.jpg\"                   alt=\"55cc4c c6ec6ac92ada42bcb606b69774bae161-mv2 d 3456 2304 s 2  \" \/>            <\/div>            <div class=\"\">                                                      <\/div>          <\/div>        <\/div>                                <\/a>      <\/div>            <div class=\"bwg-item\">        <a class=\"bwg-a bwg_lightbox\"  data-image-id=\"104\" href=\"https:\/\/agrocergowa.com\/wp-content\/uploads\/photo-gallery\/55cc4c_1cfdd9e1448a4d818cf3884fea883cd9-mv2_d_3456_2304_s_2.jpg\">                <div class=\"bwg-item0 \">          <div class=\"bwg-item1 \">            <div class=\"bwg-item2\">              <img class=\"skip-lazy bwg_standart_thumb_img_0 \"                   data-id=\"104\"                   data-width=\"\"                   data-height=\"\"                   data-original=\"https:\/\/agrocergowa.com\/wp-content\/uploads\/photo-gallery\/thumb\/55cc4c_1cfdd9e1448a4d818cf3884fea883cd9-mv2_d_3456_2304_s_2.jpg\"                   src=\"https:\/\/agrocergowa.com\/wp-content\/uploads\/photo-gallery\/thumb\/55cc4c_1cfdd9e1448a4d818cf3884fea883cd9-mv2_d_3456_2304_s_2.jpg\"                   alt=\"55cc4c 1cfdd9e1448a4d818cf3884fea883cd9-mv2 d 3456 2304 s 2  \" \/>            <\/div>            <div class=\"\">                                                      <\/div>          <\/div>        <\/div>                                <\/a>      <\/div>            <div class=\"bwg-item\">        <a class=\"bwg-a bwg_lightbox\"  data-image-id=\"102\" href=\"https:\/\/agrocergowa.com\/wp-content\/uploads\/photo-gallery\/55cc4c_2eced535ec9644078248c8a8bee41214-mv2_d_3041_2285_s_2.jpg\">                <div class=\"bwg-item0 \">          <div class=\"bwg-item1 \">            <div class=\"bwg-item2\">              <img class=\"skip-lazy bwg_standart_thumb_img_0 \"                   data-id=\"102\"                   data-width=\"\"                   data-height=\"\"                   data-original=\"https:\/\/agrocergowa.com\/wp-content\/uploads\/photo-gallery\/thumb\/55cc4c_2eced535ec9644078248c8a8bee41214-mv2_d_3041_2285_s_2.jpg\"                   src=\"https:\/\/agrocergowa.com\/wp-content\/uploads\/photo-gallery\/thumb\/55cc4c_2eced535ec9644078248c8a8bee41214-mv2_d_3041_2285_s_2.jpg\"                   alt=\"55cc4c 2eced535ec9644078248c8a8bee41214-mv2 d 3041 2285 s 2  \" \/>            <\/div>            <div class=\"\">                                                      <\/div>          <\/div>        <\/div>                                <\/a>      <\/div>            <div class=\"bwg-item\">        <a class=\"bwg-a bwg_lightbox\"  data-image-id=\"106\" href=\"https:\/\/agrocergowa.com\/wp-content\/uploads\/photo-gallery\/DSC_0509.JPG\">                <div class=\"bwg-item0 \">          <div class=\"bwg-item1 \">            <div class=\"bwg-item2\">              <img class=\"skip-lazy bwg_standart_thumb_img_0 \"                   data-id=\"106\"                   data-width=\"\"                   data-height=\"\"                   data-original=\"https:\/\/agrocergowa.com\/wp-content\/uploads\/photo-gallery\/thumb\/DSC_0509.JPG\"                   src=\"https:\/\/agrocergowa.com\/wp-content\/uploads\/photo-gallery\/thumb\/DSC_0509.JPG\"                   alt=\"DSC 0509  \" \/>            <\/div>            <div class=\"\">                                                      <\/div>          <\/div>        <\/div>                                <\/a>      <\/div>            <div class=\"bwg-item\">        <a class=\"bwg-a bwg_lightbox\"  data-image-id=\"103\" href=\"https:\/\/agrocergowa.com\/wp-content\/uploads\/photo-gallery\/55cc4c_0123d8bc0f354ef9aa5d06d3135b0a20-mv2_d_3034_2187_s_2.jpg\">                <div class=\"bwg-item0 \">          <div class=\"bwg-item1 \">            <div class=\"bwg-item2\">              <img class=\"skip-lazy bwg_standart_thumb_img_0 \"                   data-id=\"103\"                   data-width=\"\"                   data-height=\"\"                   data-original=\"https:\/\/agrocergowa.com\/wp-content\/uploads\/photo-gallery\/thumb\/55cc4c_0123d8bc0f354ef9aa5d06d3135b0a20-mv2_d_3034_2187_s_2.jpg\"                   src=\"https:\/\/agrocergowa.com\/wp-content\/uploads\/photo-gallery\/thumb\/55cc4c_0123d8bc0f354ef9aa5d06d3135b0a20-mv2_d_3034_2187_s_2.jpg\"                   alt=\"55cc4c 0123d8bc0f354ef9aa5d06d3135b0a20-mv2 d 3034 2187 s 2  \" \/>            <\/div>            <div class=\"\">                                                      <\/div>          <\/div>        <\/div>                                <\/a>      <\/div>            <div class=\"bwg-item\">        <a class=\"bwg-a bwg_lightbox\"  data-image-id=\"125\" href=\"https:\/\/agrocergowa.com\/wp-content\/uploads\/photo-gallery\/20180418_191236.jpg\">                <div class=\"bwg-item0 \">          <div class=\"bwg-item1 \">            <div class=\"bwg-item2\">              <img class=\"skip-lazy bwg_standart_thumb_img_0 \"                   data-id=\"125\"                   data-width=\"\"                   data-height=\"\"                   data-original=\"https:\/\/agrocergowa.com\/wp-content\/uploads\/photo-gallery\/thumb\/20180418_191236.jpg\"                   src=\"https:\/\/agrocergowa.com\/wp-content\/uploads\/photo-gallery\/thumb\/20180418_191236.jpg\"                   alt=\"20180418 191236 \" \/>            <\/div>            <div class=\"\">                                                      <\/div>          <\/div>        <\/div>                                <\/a>      <\/div>          <\/div>    <style>      \/*pagination styles*\/      #bwg_container1_0 #bwg_container2_0 .tablenav-pages_0 {      text-align: center;      font-size: 12px;      font-family: segoe ui;      font-weight: bold;      color: #666666;      margin: 6px 0 4px;      display: block;      height: 30px;      line-height: 30px;      }      @media only screen and (max-width : 320px) {      #bwg_container1_0 #bwg_container2_0 .displaying-num_0 {      display: none;      }      }      #bwg_container1_0 #bwg_container2_0 .displaying-num_0 {      font-size: 12px;      font-family: segoe ui;      font-weight: bold;      color: #666666;      margin-right: 10px;      vertical-align: middle;      }      #bwg_container1_0 #bwg_container2_0 .paging-input_0 {      font-size: 12px;      font-family: segoe ui;      font-weight: bold;      color: #666666;      vertical-align: middle;      }      #bwg_container1_0 #bwg_container2_0 .tablenav-pages_0 a.disabled,      #bwg_container1_0 #bwg_container2_0 .tablenav-pages_0 a.disabled:hover,      #bwg_container1_0 #bwg_container2_0 .tablenav-pages_0 a.disabled:focus {      cursor: default;      color: rgba(102, 102, 102, 0.5);      }      #bwg_container1_0 #bwg_container2_0 .tablenav-pages_0 a {      cursor: pointer;      font-size: 12px;      font-family: segoe ui;      font-weight: bold;      color: #666666;      text-decoration: none;      padding: 3px 6px;      margin: 0;      border-radius: 0;      border-style: solid;      border-width: 1px;      border-color: #E3E3E3;      background-color: #FFFFFF;      opacity: 1.00;      box-shadow: 0;      transition: all 0.3s ease 0s;-webkit-transition: all 0.3s ease 0s;      }      <\/style>      <span class=\"bwg_nav_cont_0\">              <div class=\"tablenav-pages_0\">                  <\/div>                <input type=\"hidden\" id=\"page_number_0\" name=\"page_number_0\" value=\"1\" \/>      <script type=\"text\/javascript\">        function spider_page_0(cur, x, y, load_more) {          if (typeof load_more == \"undefined\") {            var load_more = false;          }          if (jQuery(cur).hasClass('disabled')) {            return false;          }          var items_county_0 = 1;          switch (y) {            case 1:              if (x >= items_county_0) {                document.getElementById('page_number_0').value = items_county_0;              }              else {                document.getElementById('page_number_0').value = x + 1;              }              break;            case 2:              document.getElementById('page_number_0').value = items_county_0;              break;            case -1:              if (x == 1) {                document.getElementById('page_number_0').value = 1;              }              else {                document.getElementById('page_number_0').value = x - 1;              }              break;            case -2:              document.getElementById('page_number_0').value = 1;              break;            default:              document.getElementById('page_number_0').value = 1;          }          bwg_ajax('gal_front_form_0', '0', 'bwg_thumbnails_0', '0', '', '', 0, '', '', load_more, '', 1);        }                    jQuery('.first-page-0').on('click', function () {              spider_page_0(this, 1, -2, 'numeric');              return false;            });            jQuery('.prev-page-0').on('click', function () {              spider_page_0(this, 1, -1, 'numeric');              return false;            });            jQuery('.next-page-0').on('click', function () {              spider_page_0(this, 1, 1, 'numeric');              return false;            });            jQuery('.last-page-0').on('click', function () {              spider_page_0(this, 1, 2, 'numeric');              return false;            });                jQuery('.bwg_load_btn_0').on('click', function () {            spider_page_0(this, 1, 1, true);            return false;        });      <\/script>      <\/span>                <\/div>        <\/form>          <style>          #bwg_container1_0 #bwg_container2_0 #spider_popup_overlay_0 {          background-color: #000000;          opacity: 0.70;          }          <\/style>        <div id=\"bwg_spider_popup_loading_0\" class=\"bwg_spider_popup_loading\"><\/div>        <div id=\"spider_popup_overlay_0\" class=\"spider_popup_overlay\" onclick=\"spider_destroypopup(1000)\"><\/div>        <input type=\"hidden\" id=\"bwg_random_seed_0\" value=\"49546399\">                <\/div>    <\/div>    <script>      jQuery(function() {        bwg_main_ready();      });    <\/script>    \n\n\n<p><\/p>\n","protected":false},"excerpt":{"rendered":"<p>W celu rezerwacji noclegu kontaktuj si\u0119 z nami telefonicznie lub mailowo, b\u0105d\u017a skorzystaj z zak\u0142adki &#8222;Rezerwuj&#8221;. El\u017cbieta i Jerzy Wr\u00f3bel Jasionka 61 38-450 Dukla e-mail: agrocergowa@onet.pl tel: 609 619 710&nbsp; &nbsp; &nbsp; &nbsp;&nbsp; nr konta bankowego: 11 8591 0007 0400 0899 6994 0001 &nbsp;<\/p>\n","protected":false},"author":1,"featured_media":950,"parent":0,"menu_order":5,"comment_status":"closed","ping_status":"closed","template":"","meta":[],"_links":{"self":[{"href":"https:\/\/agrocergowa.com\/index.php\/wp-json\/wp\/v2\/pages\/40"}],"collection":[{"href":"https:\/\/agrocergowa.com\/index.php\/wp-json\/wp\/v2\/pages"}],"about":[{"href":"https:\/\/agrocergowa.com\/index.php\/wp-json\/wp\/v2\/types\/page"}],"author":[{"embeddable":true,"href":"https:\/\/agrocergowa.com\/index.php\/wp-json\/wp\/v2\/users\/1"}],"replies":[{"embeddable":true,"href":"https:\/\/agrocergowa.com\/index.php\/wp-json\/wp\/v2\/comments?post=40"}],"version-history":[{"count":74,"href":"https:\/\/agrocergowa.com\/index.php\/wp-json\/wp\/v2\/pages\/40\/revisions"}],"predecessor-version":[{"id":951,"href":"https:\/\/agrocergowa.com\/index.php\/wp-json\/wp\/v2\/pages\/40\/revisions\/951"}],"wp:featuredmedia":[{"embeddable":true,"href":"https:\/\/agrocergowa.com\/index.php\/wp-json\/wp\/v2\/media\/950"}],"wp:attachment":[{"href":"https:\/\/agrocergowa.com\/index.php\/wp-json\/wp\/v2\/media?parent=40"}],"curies":[{"name":"wp","href":"https:\/\/api.w.org\/{rel}","templated":true}]}}